{"id":239,"date":"2025-02-18T17:38:55","date_gmt":"2025-02-18T16:38:55","guid":{"rendered":"https:\/\/thehairlab.fr\/?page_id=239"},"modified":"2025-02-21T15:08:11","modified_gmt":"2025-02-21T14:08:11","slug":"the-hair-blog","status":"publish","type":"page","link":"https:\/\/thehairlab.fr\/index.php\/the-hair-blog\/","title":{"rendered":"The Hair Blog"},"content":{"rendered":"\t\t<div data-elementor-type=\"wp-page\" data-elementor-id=\"239\" class=\"elementor elementor-239\" data-elementor-post-type=\"page\">\n\t\t\t\t<div class=\"elementor-element elementor-element-fad6ee6 e-flex e-con-boxed e-con e-parent\" data-id=\"fad6ee6\" data-element_type=\"container\">\n\t\t\t\t\t<div class=\"e-con-inner\">\n\t\t\t\t<div class=\"elementor-element elementor-element-24a2449 elementor-widget elementor-widget-text-editor\" data-id=\"24a2449\" data-element_type=\"widget\" data-widget_type=\"text-editor.default\">\n\t\t\t\t<div class=\"elementor-widget-container\">\n\t\t\t\t\t\t\t\t\t<h3 data-start=\"0\" data-end=\"78\"><strong data-start=\"4\" data-end=\"76\">Bienvenue sur <em data-start=\"20\" data-end=\"35\">The Hair Blog<\/em>, votre source d\u2019expertise capillaire !<\/strong><\/h3><p data-start=\"80\" data-end=\"394\">Chez <em data-start=\"85\" data-end=\"99\">The Hair Lab<\/em>, nous croyons que la beaut\u00e9 des cheveux commence par un cuir chevelu sain et des soins adapt\u00e9s. <em data-start=\"196\" data-end=\"211\">The Hair Blog<\/em> est votre espace d\u00e9di\u00e9 \u00e0 la <strong data-start=\"240\" data-end=\"260\">sant\u00e9 capillaire<\/strong>, aux <strong data-start=\"266\" data-end=\"298\">derni\u00e8res tendances coiffure<\/strong> et aux <strong data-start=\"306\" data-end=\"327\">rituels bien-\u00eatre<\/strong> inspir\u00e9s des meilleures pratiques en trichologie et en Head Spa.<\/p><p data-start=\"396\" data-end=\"678\">Que vous souhaitiez comprendre l\u2019origine de vos probl\u00e8mes capillaires, d\u00e9couvrir des techniques innovantes ou simplement vous accorder un moment de d\u00e9tente, nos articles vous guideront avec des conseils d\u2019experts, des analyses approfondies et des solutions adapt\u00e9es \u00e0 vos besoins.<\/p><p data-start=\"680\" data-end=\"960\">\ud83d\udccc <strong data-start=\"683\" data-end=\"701\">Au programme :<\/strong><br data-start=\"701\" data-end=\"704\" \/>\u2714\ufe0f Tout savoir sur le <strong data-start=\"726\" data-end=\"738\">Head Spa<\/strong> et ses bienfaits.<br data-start=\"756\" data-end=\"759\" \/>\u2714\ufe0f Les secrets de la <strong data-start=\"780\" data-end=\"795\">trichologie<\/strong> pour un cuir chevelu en pleine sant\u00e9.<br data-start=\"833\" data-end=\"836\" \/>\u2714\ufe0f Des astuces pour choisir les <strong data-start=\"868\" data-end=\"899\">meilleurs soins capillaires<\/strong>.<br data-start=\"900\" data-end=\"903\" \/>\u2714\ufe0f Les tendances coiffure et les nouveaut\u00e9s du secteur.<\/p><p data-start=\"962\" data-end=\"1045\">\u2728 <strong data-start=\"964\" data-end=\"1041\">Prenez soin de vos cheveux comme jamais auparavant avec <em data-start=\"1022\" data-end=\"1037\">The Hair Blog<\/em> !<\/strong> \u2728<\/p>\t\t\t\t\t\t\t\t<\/div>\n\t\t\t\t<\/div>\n\t\t\t\t<div class=\"elementor-element elementor-element-4ed8bab elementor-grid-3 elementor-grid-tablet-2 elementor-grid-mobile-1 elementor-posts--thumbnail-top elementor-widget elementor-widget-posts\" data-id=\"4ed8bab\" data-element_type=\"widget\" data-settings=\"{&quot;classic_columns&quot;:&quot;3&quot;,&quot;classic_columns_tablet&quot;:&quot;2&quot;,&quot;classic_columns_mobile&quot;:&quot;1&quot;,&quot;classic_row_gap&quot;:{&quot;unit&quot;:&quot;px&quot;,&quot;size&quot;:35,&quot;sizes&quot;:[]},&quot;classic_row_gap_tablet&quot;:{&quot;unit&quot;:&quot;px&quot;,&quot;size&quot;:&quot;&quot;,&quot;sizes&quot;:[]},&quot;classic_row_gap_mobile&quot;:{&quot;unit&quot;:&quot;px&quot;,&quot;size&quot;:&quot;&quot;,&quot;sizes&quot;:[]}}\" data-widget_type=\"posts.classic\">\n\t\t\t\t<div class=\"elementor-widget-container\">\n\t\t\t\t\t\t\t<div class=\"elementor-posts-container elementor-posts elementor-posts--skin-classic elementor-grid\">\n\t\t\t\t<article class=\"elementor-post elementor-grid-item post-647 post type-post status-publish format-standard has-post-thumbnail hentry category-non-classe\">\n\t\t\t\t<a class=\"elementor-post__thumbnail__link\" href=\"https:\/\/thehairlab.fr\/index.php\/2025\/02\/21\/tendances-coiffure-femme-2025\/\" tabindex=\"-1\">\n\t\t\t<div class=\"elementor-post__thumbnail\"><img fetchpriority=\"high\" decoding=\"async\" width=\"300\" height=\"300\" src=\"https:\/\/thehairlab.fr\/wp-content\/uploads\/2025\/02\/DALL\u00b7E-2025-02-21-11.10.47-A-collection-of-hand-drawn-pencil-style-illustrations-showcasing-2025-womens-hairstyle-trends-on-faceless-characters.-_1.-A-textured-pixie-cut-with--300x300.webp\" class=\"attachment-medium size-medium wp-image-660\" alt=\"Tendances Coiffure Femme 2025 : Les Coupes et Styles \u00e0 Adopter Cette Ann\u00e9e\" srcset=\"https:\/\/thehairlab.fr\/wp-content\/uploads\/2025\/02\/DALL\u00b7E-2025-02-21-11.10.47-A-collection-of-hand-drawn-pencil-style-illustrations-showcasing-2025-womens-hairstyle-trends-on-faceless-characters.-_1.-A-textured-pixie-cut-with--300x300.webp 300w, https:\/\/thehairlab.fr\/wp-content\/uploads\/2025\/02\/DALL\u00b7E-2025-02-21-11.10.47-A-collection-of-hand-drawn-pencil-style-illustrations-showcasing-2025-womens-hairstyle-trends-on-faceless-characters.-_1.-A-textured-pixie-cut-with--150x150.webp 150w, https:\/\/thehairlab.fr\/wp-content\/uploads\/2025\/02\/DALL\u00b7E-2025-02-21-11.10.47-A-collection-of-hand-drawn-pencil-style-illustrations-showcasing-2025-womens-hairstyle-trends-on-faceless-characters.-_1.-A-textured-pixie-cut-with--768x768.webp 768w, https:\/\/thehairlab.fr\/wp-content\/uploads\/2025\/02\/DALL\u00b7E-2025-02-21-11.10.47-A-collection-of-hand-drawn-pencil-style-illustrations-showcasing-2025-womens-hairstyle-trends-on-faceless-characters.-_1.-A-textured-pixie-cut-with--600x600.webp 600w, https:\/\/thehairlab.fr\/wp-content\/uploads\/2025\/02\/DALL\u00b7E-2025-02-21-11.10.47-A-collection-of-hand-drawn-pencil-style-illustrations-showcasing-2025-womens-hairstyle-trends-on-faceless-characters.-_1.-A-textured-pixie-cut-with--100x100.webp 100w, https:\/\/thehairlab.fr\/wp-content\/uploads\/2025\/02\/DALL\u00b7E-2025-02-21-11.10.47-A-collection-of-hand-drawn-pencil-style-illustrations-showcasing-2025-womens-hairstyle-trends-on-faceless-characters.-_1.-A-textured-pixie-cut-with-.webp 1024w\" sizes=\"(max-width: 300px) 100vw, 300px\" \/><\/div>\n\t\t<\/a>\n\t\t\t\t<div class=\"elementor-post__text\">\n\t\t\t\t<h3 class=\"elementor-post__title\">\n\t\t\t<a href=\"https:\/\/thehairlab.fr\/index.php\/2025\/02\/21\/tendances-coiffure-femme-2025\/\">\n\t\t\t\tTendances Coiffure Femme 2025 : Les Coupes et Styles \u00e0 Adopter Cette Ann\u00e9e\t\t\t<\/a>\n\t\t<\/h3>\n\t\t\t\t<div class=\"elementor-post__meta-data\">\n\t\t\t\t\t<span class=\"elementor-post-date\">\n\t\t\t21 f\u00e9vrier 2025\t\t<\/span>\n\t\t\t\t<span class=\"elementor-post-avatar\">\n\t\t\tAucun commentaire\t\t<\/span>\n\t\t\t\t<\/div>\n\t\t\t\t<div class=\"elementor-post__excerpt\">\n\t\t\t<p>Tendances Coiffure Femme 2025 : Les Coupes et Styles \u00e0 Adopter Cette Ann\u00e9e. Les coupes \u00e9voluent vers plus de mouvement et de l\u00e9g\u00e8ret\u00e9, tandis que les coiffages privil\u00e9gient un effet effortless chic. Que vous soyez adepte du court, du mi-long ou du long, d\u00e9couvrez les coiffures incontournables de cette ann\u00e9e !<\/p>\n\t\t<\/div>\n\t\t\n\t\t<a class=\"elementor-post__read-more\" href=\"https:\/\/thehairlab.fr\/index.php\/2025\/02\/21\/tendances-coiffure-femme-2025\/\" aria-label=\"En savoir plus sur Tendances Coiffure Femme 2025 : Les Coupes et Styles \u00e0 Adopter Cette Ann\u00e9e\" tabindex=\"-1\">\n\t\t\tLire la suite \u00bb\t\t<\/a>\n\n\t\t\t\t<\/div>\n\t\t\t\t<\/article>\n\t\t\t\t<article class=\"elementor-post elementor-grid-item post-421 post type-post status-publish format-standard has-post-thumbnail hentry category-non-classe\">\n\t\t\t\t<a class=\"elementor-post__thumbnail__link\" href=\"https:\/\/thehairlab.fr\/index.php\/2025\/02\/19\/5-etapes-contre-les-pellicules\/\" tabindex=\"-1\">\n\t\t\t<div class=\"elementor-post__thumbnail\"><img decoding=\"async\" width=\"300\" height=\"200\" src=\"https:\/\/thehairlab.fr\/wp-content\/uploads\/2025\/02\/dandruff-and-hairs-on-black-background-300x200.jpg\" class=\"attachment-medium size-medium wp-image-422\" alt=\"P\u00e9liculles\" srcset=\"https:\/\/thehairlab.fr\/wp-content\/uploads\/2025\/02\/dandruff-and-hairs-on-black-background-300x200.jpg 300w, https:\/\/thehairlab.fr\/wp-content\/uploads\/2025\/02\/dandruff-and-hairs-on-black-background-1024x682.jpg 1024w, https:\/\/thehairlab.fr\/wp-content\/uploads\/2025\/02\/dandruff-and-hairs-on-black-background-768x512.jpg 768w, https:\/\/thehairlab.fr\/wp-content\/uploads\/2025\/02\/dandruff-and-hairs-on-black-background-1536x1024.jpg 1536w, https:\/\/thehairlab.fr\/wp-content\/uploads\/2025\/02\/dandruff-and-hairs-on-black-background-1320x880.jpg 1320w, https:\/\/thehairlab.fr\/wp-content\/uploads\/2025\/02\/dandruff-and-hairs-on-black-background-600x400.jpg 600w, https:\/\/thehairlab.fr\/wp-content\/uploads\/2025\/02\/dandruff-and-hairs-on-black-background.jpg 2000w\" sizes=\"(max-width: 300px) 100vw, 300px\" \/><\/div>\n\t\t<\/a>\n\t\t\t\t<div class=\"elementor-post__text\">\n\t\t\t\t<h3 class=\"elementor-post__title\">\n\t\t\t<a href=\"https:\/\/thehairlab.fr\/index.php\/2025\/02\/19\/5-etapes-contre-les-pellicules\/\">\n\t\t\t\t5 \u00c9tapes Cl\u00e9s pour une Routine Efficace Contre les Pellicules\t\t\t<\/a>\n\t\t<\/h3>\n\t\t\t\t<div class=\"elementor-post__meta-data\">\n\t\t\t\t\t<span class=\"elementor-post-date\">\n\t\t\t19 f\u00e9vrier 2025\t\t<\/span>\n\t\t\t\t<span class=\"elementor-post-avatar\">\n\t\t\tAucun commentaire\t\t<\/span>\n\t\t\t\t<\/div>\n\t\t\t\t<div class=\"elementor-post__excerpt\">\n\t\t\t<p>5 \u00c9tapes Cl\u00e9s pour une Routine Efficace Contre les Pellicules. Soins, conseils et suivi avec The Hair Lab !<\/p>\n\t\t<\/div>\n\t\t\n\t\t<a class=\"elementor-post__read-more\" href=\"https:\/\/thehairlab.fr\/index.php\/2025\/02\/19\/5-etapes-contre-les-pellicules\/\" aria-label=\"En savoir plus sur 5 \u00c9tapes Cl\u00e9s pour une Routine Efficace Contre les Pellicules\" tabindex=\"-1\">\n\t\t\tLire la suite \u00bb\t\t<\/a>\n\n\t\t\t\t<\/div>\n\t\t\t\t<\/article>\n\t\t\t\t<article class=\"elementor-post elementor-grid-item post-395 post type-post status-publish format-standard has-post-thumbnail hentry category-non-classe\">\n\t\t\t\t<a class=\"elementor-post__thumbnail__link\" href=\"https:\/\/thehairlab.fr\/index.php\/2025\/02\/19\/en-finir-avec-lalopecie\/\" tabindex=\"-1\">\n\t\t\t<div class=\"elementor-post__thumbnail\"><img decoding=\"async\" width=\"300\" height=\"200\" src=\"https:\/\/thehairlab.fr\/wp-content\/uploads\/2025\/02\/hand-holds-bunch-of-hair-on-the-comb-hair-loss-concept-female-seasonal-hair-loss-problems-alopeci-300x200.jpg\" class=\"attachment-medium size-medium wp-image-398\" alt=\"alop\u00e9cie\" srcset=\"https:\/\/thehairlab.fr\/wp-content\/uploads\/2025\/02\/hand-holds-bunch-of-hair-on-the-comb-hair-loss-concept-female-seasonal-hair-loss-problems-alopeci-300x200.jpg 300w, https:\/\/thehairlab.fr\/wp-content\/uploads\/2025\/02\/hand-holds-bunch-of-hair-on-the-comb-hair-loss-concept-female-seasonal-hair-loss-problems-alopeci-1024x682.jpg 1024w, https:\/\/thehairlab.fr\/wp-content\/uploads\/2025\/02\/hand-holds-bunch-of-hair-on-the-comb-hair-loss-concept-female-seasonal-hair-loss-problems-alopeci-768x512.jpg 768w, https:\/\/thehairlab.fr\/wp-content\/uploads\/2025\/02\/hand-holds-bunch-of-hair-on-the-comb-hair-loss-concept-female-seasonal-hair-loss-problems-alopeci-1536x1024.jpg 1536w, https:\/\/thehairlab.fr\/wp-content\/uploads\/2025\/02\/hand-holds-bunch-of-hair-on-the-comb-hair-loss-concept-female-seasonal-hair-loss-problems-alopeci-1320x880.jpg 1320w, https:\/\/thehairlab.fr\/wp-content\/uploads\/2025\/02\/hand-holds-bunch-of-hair-on-the-comb-hair-loss-concept-female-seasonal-hair-loss-problems-alopeci-600x400.jpg 600w, https:\/\/thehairlab.fr\/wp-content\/uploads\/2025\/02\/hand-holds-bunch-of-hair-on-the-comb-hair-loss-concept-female-seasonal-hair-loss-problems-alopeci.jpg 2000w\" sizes=\"(max-width: 300px) 100vw, 300px\" \/><\/div>\n\t\t<\/a>\n\t\t\t\t<div class=\"elementor-post__text\">\n\t\t\t\t<h3 class=\"elementor-post__title\">\n\t\t\t<a href=\"https:\/\/thehairlab.fr\/index.php\/2025\/02\/19\/en-finir-avec-lalopecie\/\">\n\t\t\t\tEn finir avec l&rsquo;alop\u00e9cie : 4 \u00c9tapes, Routine Personnalis\u00e9e et Accompagnement par The Hair Lab\t\t\t<\/a>\n\t\t<\/h3>\n\t\t\t\t<div class=\"elementor-post__meta-data\">\n\t\t\t\t\t<span class=\"elementor-post-date\">\n\t\t\t19 f\u00e9vrier 2025\t\t<\/span>\n\t\t\t\t<span class=\"elementor-post-avatar\">\n\t\t\tAucun commentaire\t\t<\/span>\n\t\t\t\t<\/div>\n\t\t\t\t<div class=\"elementor-post__excerpt\">\n\t\t\t<p>D\u00e9couvrez comment la trichologie et The Hair Lab prennent en charge l\u2019alop\u00e9cie avec un diagnostic pr\u00e9cis, une routine personnalis\u00e9e et des soins innovants.<\/p>\n\t\t<\/div>\n\t\t\n\t\t<a class=\"elementor-post__read-more\" href=\"https:\/\/thehairlab.fr\/index.php\/2025\/02\/19\/en-finir-avec-lalopecie\/\" aria-label=\"En savoir plus sur En finir avec l&rsquo;alop\u00e9cie : 4 \u00c9tapes, Routine Personnalis\u00e9e et Accompagnement par The Hair Lab\" tabindex=\"-1\">\n\t\t\tLire la suite \u00bb\t\t<\/a>\n\n\t\t\t\t<\/div>\n\t\t\t\t<\/article>\n\t\t\t\t<article class=\"elementor-post elementor-grid-item post-367 post type-post status-publish format-standard has-post-thumbnail hentry category-non-classe\">\n\t\t\t\t<a class=\"elementor-post__thumbnail__link\" href=\"https:\/\/thehairlab.fr\/index.php\/2025\/02\/19\/routine-cheveux-secs-a-istres\/\" tabindex=\"-1\">\n\t\t\t<div class=\"elementor-post__thumbnail\"><img loading=\"lazy\" decoding=\"async\" width=\"300\" height=\"200\" src=\"https:\/\/thehairlab.fr\/wp-content\/uploads\/2025\/02\/lovely-happy-woman-drying-hair-in-bathroom-300x200.jpg\" class=\"attachment-medium size-medium wp-image-376\" alt=\"Routine Cheveux Secs \u00e0 Istres \u00c9blouissante en 5 \u00e9tapes\" srcset=\"https:\/\/thehairlab.fr\/wp-content\/uploads\/2025\/02\/lovely-happy-woman-drying-hair-in-bathroom-300x200.jpg 300w, https:\/\/thehairlab.fr\/wp-content\/uploads\/2025\/02\/lovely-happy-woman-drying-hair-in-bathroom-1024x682.jpg 1024w, https:\/\/thehairlab.fr\/wp-content\/uploads\/2025\/02\/lovely-happy-woman-drying-hair-in-bathroom-768x512.jpg 768w, https:\/\/thehairlab.fr\/wp-content\/uploads\/2025\/02\/lovely-happy-woman-drying-hair-in-bathroom-1536x1024.jpg 1536w, https:\/\/thehairlab.fr\/wp-content\/uploads\/2025\/02\/lovely-happy-woman-drying-hair-in-bathroom-1320x880.jpg 1320w, https:\/\/thehairlab.fr\/wp-content\/uploads\/2025\/02\/lovely-happy-woman-drying-hair-in-bathroom-600x400.jpg 600w, https:\/\/thehairlab.fr\/wp-content\/uploads\/2025\/02\/lovely-happy-woman-drying-hair-in-bathroom.jpg 2000w\" sizes=\"(max-width: 300px) 100vw, 300px\" \/><\/div>\n\t\t<\/a>\n\t\t\t\t<div class=\"elementor-post__text\">\n\t\t\t\t<h3 class=\"elementor-post__title\">\n\t\t\t<a href=\"https:\/\/thehairlab.fr\/index.php\/2025\/02\/19\/routine-cheveux-secs-a-istres\/\">\n\t\t\t\tRoutine Cheveux Secs \u00e0 Istres \u00c9blouissante en 5 \u00e9tapes\t\t\t<\/a>\n\t\t<\/h3>\n\t\t\t\t<div class=\"elementor-post__meta-data\">\n\t\t\t\t\t<span class=\"elementor-post-date\">\n\t\t\t19 f\u00e9vrier 2025\t\t<\/span>\n\t\t\t\t<span class=\"elementor-post-avatar\">\n\t\t\tAucun commentaire\t\t<\/span>\n\t\t\t\t<\/div>\n\t\t\t\t<div class=\"elementor-post__excerpt\">\n\t\t\t<p>Marre des cheveux secs ? Routine Cheveux Secs \u00e0 Istres \u00c9blouissante en 5 \u00e9tapes. Consultez nos recommandations et prenez rendez-vous !<\/p>\n\t\t<\/div>\n\t\t\n\t\t<a class=\"elementor-post__read-more\" href=\"https:\/\/thehairlab.fr\/index.php\/2025\/02\/19\/routine-cheveux-secs-a-istres\/\" aria-label=\"En savoir plus sur Routine Cheveux Secs \u00e0 Istres \u00c9blouissante en 5 \u00e9tapes\" tabindex=\"-1\">\n\t\t\tLire la suite \u00bb\t\t<\/a>\n\n\t\t\t\t<\/div>\n\t\t\t\t<\/article>\n\t\t\t\t<article class=\"elementor-post elementor-grid-item post-267 post type-post status-publish format-standard has-post-thumbnail hentry category-non-classe\">\n\t\t\t\t<a class=\"elementor-post__thumbnail__link\" href=\"https:\/\/thehairlab.fr\/index.php\/2025\/02\/18\/cheveux-fins\/\" tabindex=\"-1\">\n\t\t\t<div class=\"elementor-post__thumbnail\"><img loading=\"lazy\" decoding=\"async\" width=\"300\" height=\"200\" src=\"https:\/\/thehairlab.fr\/wp-content\/uploads\/2025\/02\/portrait-of-a-woman-with-brown-curly-hair-300x200.jpg\" class=\"attachment-medium size-medium wp-image-268\" alt=\"Cheveux fins ? D\u00e9couvrez une routine Head Spa efficace pour plus de volume et de densit\u00e9 avec The Hair Lab.\" srcset=\"https:\/\/thehairlab.fr\/wp-content\/uploads\/2025\/02\/portrait-of-a-woman-with-brown-curly-hair-300x200.jpg 300w, https:\/\/thehairlab.fr\/wp-content\/uploads\/2025\/02\/portrait-of-a-woman-with-brown-curly-hair-1024x682.jpg 1024w, https:\/\/thehairlab.fr\/wp-content\/uploads\/2025\/02\/portrait-of-a-woman-with-brown-curly-hair-768x512.jpg 768w, https:\/\/thehairlab.fr\/wp-content\/uploads\/2025\/02\/portrait-of-a-woman-with-brown-curly-hair-1536x1024.jpg 1536w, https:\/\/thehairlab.fr\/wp-content\/uploads\/2025\/02\/portrait-of-a-woman-with-brown-curly-hair.jpg 2000w\" sizes=\"(max-width: 300px) 100vw, 300px\" \/><\/div>\n\t\t<\/a>\n\t\t\t\t<div class=\"elementor-post__text\">\n\t\t\t\t<h3 class=\"elementor-post__title\">\n\t\t\t<a href=\"https:\/\/thehairlab.fr\/index.php\/2025\/02\/18\/cheveux-fins\/\">\n\t\t\t\tCheveux Fins : Causes, Solutions et Routine en 4 \u00e9tapes Head Spa pour une Chevelure Plus Dense\t\t\t<\/a>\n\t\t<\/h3>\n\t\t\t\t<div class=\"elementor-post__meta-data\">\n\t\t\t\t\t<span class=\"elementor-post-date\">\n\t\t\t18 f\u00e9vrier 2025\t\t<\/span>\n\t\t\t\t<span class=\"elementor-post-avatar\">\n\t\t\tAucun commentaire\t\t<\/span>\n\t\t\t\t<\/div>\n\t\t\t\t<div class=\"elementor-post__excerpt\">\n\t\t\t<p>Cheveux Fins : Causes, Solutions et Routine Head Spa pour une Chevelure Plus Dense Les cheveux fins sont souvent per\u00e7us comme fragiles, plats et difficiles<\/p>\n\t\t<\/div>\n\t\t\n\t\t<a class=\"elementor-post__read-more\" href=\"https:\/\/thehairlab.fr\/index.php\/2025\/02\/18\/cheveux-fins\/\" aria-label=\"En savoir plus sur Cheveux Fins : Causes, Solutions et Routine en 4 \u00e9tapes Head Spa pour une Chevelure Plus Dense\" tabindex=\"-1\">\n\t\t\tLire la suite \u00bb\t\t<\/a>\n\n\t\t\t\t<\/div>\n\t\t\t\t<\/article>\n\t\t\t\t<article class=\"elementor-post elementor-grid-item post-248 post type-post status-publish format-standard has-post-thumbnail hentry category-non-classe\">\n\t\t\t\t<a class=\"elementor-post__thumbnail__link\" href=\"https:\/\/thehairlab.fr\/index.php\/2025\/02\/18\/cheveux-gras-la-routine\/\" tabindex=\"-1\">\n\t\t\t<div class=\"elementor-post__thumbnail\"><img loading=\"lazy\" decoding=\"async\" width=\"300\" height=\"200\" src=\"https:\/\/thehairlab.fr\/wp-content\/uploads\/2025\/02\/young-woman-treating-her-hair-using-medical-drops-300x200.jpg\" class=\"attachment-medium size-medium wp-image-253\" alt=\"Cheveux Gras : La Routine Capillaire R\u00e9volutionnaire Qui Va Changer Votre Cuir Chevelu !\" srcset=\"https:\/\/thehairlab.fr\/wp-content\/uploads\/2025\/02\/young-woman-treating-her-hair-using-medical-drops-300x200.jpg 300w, https:\/\/thehairlab.fr\/wp-content\/uploads\/2025\/02\/young-woman-treating-her-hair-using-medical-drops-1024x682.jpg 1024w, https:\/\/thehairlab.fr\/wp-content\/uploads\/2025\/02\/young-woman-treating-her-hair-using-medical-drops-768x512.jpg 768w, https:\/\/thehairlab.fr\/wp-content\/uploads\/2025\/02\/young-woman-treating-her-hair-using-medical-drops-1536x1024.jpg 1536w, https:\/\/thehairlab.fr\/wp-content\/uploads\/2025\/02\/young-woman-treating-her-hair-using-medical-drops.jpg 2000w\" sizes=\"(max-width: 300px) 100vw, 300px\" \/><\/div>\n\t\t<\/a>\n\t\t\t\t<div class=\"elementor-post__text\">\n\t\t\t\t<h3 class=\"elementor-post__title\">\n\t\t\t<a href=\"https:\/\/thehairlab.fr\/index.php\/2025\/02\/18\/cheveux-gras-la-routine\/\">\n\t\t\t\tCheveux Gras : La Routine Capillaire R\u00e9volutionnaire Qui Va Changer Votre Cuir Chevelu !\t\t\t<\/a>\n\t\t<\/h3>\n\t\t\t\t<div class=\"elementor-post__meta-data\">\n\t\t\t\t\t<span class=\"elementor-post-date\">\n\t\t\t18 f\u00e9vrier 2025\t\t<\/span>\n\t\t\t\t<span class=\"elementor-post-avatar\">\n\t\t\tAucun commentaire\t\t<\/span>\n\t\t\t\t<\/div>\n\t\t\t\t<div class=\"elementor-post__excerpt\">\n\t\t\t<p>Cheveux Gras : La Routine Capillaire R\u00e9volutionnaire Qui Va Changer Votre Cuir Chevelu en 4 \u00e9tapes ! Les cheveux gras sont souvent le r\u00e9sultat d\u2019un<\/p>\n\t\t<\/div>\n\t\t\n\t\t<a class=\"elementor-post__read-more\" href=\"https:\/\/thehairlab.fr\/index.php\/2025\/02\/18\/cheveux-gras-la-routine\/\" aria-label=\"En savoir plus sur Cheveux Gras : La Routine Capillaire R\u00e9volutionnaire Qui Va Changer Votre Cuir Chevelu !\" tabindex=\"-1\">\n\t\t\tLire la suite \u00bb\t\t<\/a>\n\n\t\t\t\t<\/div>\n\t\t\t\t<\/article>\n\t\t\t\t<article class=\"elementor-post elementor-grid-item post-217 post type-post status-publish format-standard has-post-thumbnail hentry category-non-classe\">\n\t\t\t\t<a class=\"elementor-post__thumbnail__link\" href=\"https:\/\/thehairlab.fr\/index.php\/2025\/02\/18\/head-spa-et-trichologie-origines-et-bienfaits-pour-un-cuir-chevelu-en-bonne-sante\/\" tabindex=\"-1\">\n\t\t\t<div class=\"elementor-post__thumbnail\"><img loading=\"lazy\" decoding=\"async\" width=\"300\" height=\"200\" src=\"https:\/\/thehairlab.fr\/wp-content\/uploads\/2025\/02\/essential-oil-of-walnut--300x200.jpg\" class=\"attachment-medium size-medium wp-image-202\" alt=\"Essential oil of walnut.\" srcset=\"https:\/\/thehairlab.fr\/wp-content\/uploads\/2025\/02\/essential-oil-of-walnut--300x200.jpg 300w, https:\/\/thehairlab.fr\/wp-content\/uploads\/2025\/02\/essential-oil-of-walnut--1024x682.jpg 1024w, https:\/\/thehairlab.fr\/wp-content\/uploads\/2025\/02\/essential-oil-of-walnut--768x512.jpg 768w, https:\/\/thehairlab.fr\/wp-content\/uploads\/2025\/02\/essential-oil-of-walnut--1536x1024.jpg 1536w, https:\/\/thehairlab.fr\/wp-content\/uploads\/2025\/02\/essential-oil-of-walnut-.jpg 2000w\" sizes=\"(max-width: 300px) 100vw, 300px\" \/><\/div>\n\t\t<\/a>\n\t\t\t\t<div class=\"elementor-post__text\">\n\t\t\t\t<h3 class=\"elementor-post__title\">\n\t\t\t<a href=\"https:\/\/thehairlab.fr\/index.php\/2025\/02\/18\/head-spa-et-trichologie-origines-et-bienfaits-pour-un-cuir-chevelu-en-bonne-sante\/\">\n\t\t\t\tHead Spa et Trichologie : Origines et Bienfaits pour un Cuir Chevelu en Bonne Sant\u00e9\t\t\t<\/a>\n\t\t<\/h3>\n\t\t\t\t<div class=\"elementor-post__meta-data\">\n\t\t\t\t\t<span class=\"elementor-post-date\">\n\t\t\t18 f\u00e9vrier 2025\t\t<\/span>\n\t\t\t\t<span class=\"elementor-post-avatar\">\n\t\t\tAucun commentaire\t\t<\/span>\n\t\t\t\t<\/div>\n\t\t\t\t<div class=\"elementor-post__excerpt\">\n\t\t\t<p>D\u00e9couvrez les causes des cheveux fins et adoptez une routine Head Spa efficace pour plus de volume et de densit\u00e9. Diagnostic trichologique, soins purifiants et astuces expertes chez The Hair Lab.<\/p>\n\t\t<\/div>\n\t\t\n\t\t<a class=\"elementor-post__read-more\" href=\"https:\/\/thehairlab.fr\/index.php\/2025\/02\/18\/head-spa-et-trichologie-origines-et-bienfaits-pour-un-cuir-chevelu-en-bonne-sante\/\" aria-label=\"En savoir plus sur Head Spa et Trichologie : Origines et Bienfaits pour un Cuir Chevelu en Bonne Sant\u00e9\" tabindex=\"-1\">\n\t\t\tLire la suite \u00bb\t\t<\/a>\n\n\t\t\t\t<\/div>\n\t\t\t\t<\/article>\n\t\t\t\t<\/div>\n\t\t\n\t\t\t\t\t\t<\/div>\n\t\t\t\t<\/div>\n\t\t\t\t\t<\/div>\n\t\t\t\t<\/div>\n\t\t\t\t<\/div>\n\t\t","protected":false},"excerpt":{"rendered":"<p>Bienvenue sur The Hair Blog, votre source d\u2019expertise capillaire ! Chez The Hair Lab, nous croyons que la beaut\u00e9 des cheveux commence par un cuir chevelu sain et des soins adapt\u00e9s. The Hair Blog est votre espace d\u00e9di\u00e9 \u00e0 la sant\u00e9 capillaire, aux derni\u00e8res tendances coiffure et aux rituels bien-\u00eatre inspir\u00e9s des meilleures pratiques en [&hellip;]<\/p>\n","protected":false},"author":1,"featured_media":0,"parent":0,"menu_order":0,"comment_status":"closed","ping_status":"closed","template":"elementor_header_footer","meta":{"footnotes":""},"class_list":["post-239","page","type-page","status-publish","hentry"],"jetpack_sharing_enabled":true,"_links":{"self":[{"href":"https:\/\/thehairlab.fr\/index.php\/wp-json\/wp\/v2\/pages\/239","targetHints":{"allow":["GET"]}}],"collection":[{"href":"https:\/\/thehairlab.fr\/index.php\/wp-json\/wp\/v2\/pages"}],"about":[{"href":"https:\/\/thehairlab.fr\/index.php\/wp-json\/wp\/v2\/types\/page"}],"author":[{"embeddable":true,"href":"https:\/\/thehairlab.fr\/index.php\/wp-json\/wp\/v2\/users\/1"}],"replies":[{"embeddable":true,"href":"https:\/\/thehairlab.fr\/index.php\/wp-json\/wp\/v2\/comments?post=239"}],"version-history":[{"count":10,"href":"https:\/\/thehairlab.fr\/index.php\/wp-json\/wp\/v2\/pages\/239\/revisions"}],"predecessor-version":[{"id":685,"href":"https:\/\/thehairlab.fr\/index.php\/wp-json\/wp\/v2\/pages\/239\/revisions\/685"}],"wp:attachment":[{"href":"https:\/\/thehairlab.fr\/index.php\/wp-json\/wp\/v2\/media?parent=239"}],"curies":[{"name":"wp","href":"https:\/\/api.w.org\/{rel}","templated":true}]}}